{"id":509,"date":"2020-12-06T21:15:40","date_gmt":"2020-12-06T17:15:40","guid":{"rendered":"http:\/\/vsoft.az\/?page_id=509"},"modified":"2020-12-06T21:15:41","modified_gmt":"2020-12-06T17:15:41","slug":"sina-medica","status":"publish","type":"page","link":"https:\/\/vsoft.az\/?page_id=509","title":{"rendered":"S\u0130NA MED\u0130CA"},"content":{"rendered":"\n<p>Dezinfeksiya v\u0259 Sterilizasiya m\u0259hsullar\u0131n\u0131n sat\u0131\u015f\u0131, Tibbi avadanl\u0131q v\u0259 s\u0259rf mallar\u0131n\u0131n t\u0259chizat\u0131 v\u0259 sat\u0131\u015f\u0131 il\u0259 m\u0259\u015f\u011ful olan \u015firk\u0259tdir. Anbar v\u0259 Sat\u0131\u015f\u0131n idar\u0259 edilm\u0259si t\u0259tbiq edilmi\u015fdir.<\/p>\n","protected":false},"excerpt":{"rendered":"<p>Dezinfeksiya v\u0259 Sterilizasiya m\u0259hsullar\u0131n\u0131n sat\u0131\u015f\u0131, Tibbi avadanl\u0131q v\u0259 s\u0259rf mallar\u0131n\u0131n t\u0259chizat\u0131 v\u0259 sat\u0131\u015f\u0131 il\u0259 m\u0259\u015f\u011ful olan \u015firk\u0259tdir. Anbar v\u0259 Sat\u0131\u015f\u0131n idar\u0259 edilm\u0259si t\u0259tbiq edilmi\u015fdir.<\/p>\n","protected":false},"author":1,"featured_media":510,"parent":0,"menu_order":12,"comment_status":"closed","ping_status":"closed","template":"page-templates\/template-portfolio.php","meta":[],"_links":{"self":[{"href":"https:\/\/vsoft.az\/index.php?rest_route=\/wp\/v2\/pages\/509"}],"collection":[{"href":"https:\/\/vsoft.az\/index.php?rest_route=\/wp\/v2\/pages"}],"about":[{"href":"https:\/\/vsoft.az\/index.php?rest_route=\/wp\/v2\/types\/page"}],"author":[{"embeddable":true,"href":"https:\/\/vsoft.az\/index.php?rest_route=\/wp\/v2\/users\/1"}],"replies":[{"embeddable":true,"href":"https:\/\/vsoft.az\/index.php?rest_route=%2Fwp%2Fv2%2Fcomments&post=509"}],"version-history":[{"count":1,"href":"https:\/\/vsoft.az\/index.php?rest_route=\/wp\/v2\/pages\/509\/revisions"}],"predecessor-version":[{"id":511,"href":"https:\/\/vsoft.az\/index.php?rest_route=\/wp\/v2\/pages\/509\/revisions\/511"}],"wp:featuredmedia":[{"embeddable":true,"href":"https:\/\/vsoft.az\/index.php?rest_route=\/wp\/v2\/media\/510"}],"wp:attachment":[{"href":"https:\/\/vsoft.az\/index.php?rest_route=%2Fwp%2Fv2%2Fmedia&parent=509"}],"curies":[{"name":"wp","href":"https:\/\/api.w.org\/{rel}","templated":true}]}}