{"id":52,"date":"2015-07-20T10:48:26","date_gmt":"2015-07-20T10:48:26","guid":{"rendered":"http:\/\/demo.themegrill.com\/himalayas\/?page_id=52"},"modified":"2020-12-04T16:08:52","modified_gmt":"2020-12-04T16:08:52","slug":"parallax-effect","status":"publish","type":"page","link":"https:\/\/vsoft.az\/?page_id=52","title":{"rendered":"LOG\u0130X Market  anbar v\u0259 sat\u0131\u015f\u0131n \u0130DAR\u018f ED\u0130LM\u018fS\u0130"},"content":{"rendered":"<p>Logix Market modulu mallar anbara daxil oldu\u011fu andan sat\u0131lana q\u0259d\u0259r b\u00fct\u00fcn h\u0259r\u0259k\u0259tl\u0259rini t\u0259qib ed\u0259, mal \u0259sas\u0131nda qazanc v\u0259 ya z\u0259r\u0259rin hesabat\u0131n\u0131 haz\u0131r- laya v\u0259 r\u0259fl\u0259rd\u0259 sat\u0131\u015f h\u0259r\u0259k\u0259tliliyi olma-yan mallar\u0131 t\u0259sbit ed\u0259 bil\u0259c\u0259k bir proq- ramd\u0131r. Bu proqram vasit\u0259sil\u0259 barkodlu mal sat\u0131\u015f\u0131 v\u0259 t\u0259qibini h\u0259yata ke\u00e7ir\u0259r\u0259k m\u00fc\u015ft\u0259rinin t\u0259l\u0259bl\u0259rin\u0259 daha s\u00fcr\u0259tli cavab verm\u0259k m\u00fcmk\u00fcnd\u00fcr.<\/p>\n","protected":false},"excerpt":{"rendered":"<p>Logix Market modulu mallar anbara daxil oldu\u011fu andan sat\u0131lana q\u0259d\u0259r b\u00fct\u00fcn h\u0259r\u0259k\u0259tl\u0259rini t\u0259qib ed\u0259, mal \u0259sas\u0131nda qazanc v\u0259 ya z\u0259r\u0259rin hesabat\u0131n\u0131 haz\u0131r- laya v\u0259 r\u0259fl\u0259rd\u0259<\/p>\n","protected":false},"author":1,"featured_media":323,"parent":0,"menu_order":0,"comment_status":"closed","ping_status":"open","template":"page-templates\/template-services.php","meta":[],"_links":{"self":[{"href":"https:\/\/vsoft.az\/index.php?rest_route=\/wp\/v2\/pages\/52"}],"collection":[{"href":"https:\/\/vsoft.az\/index.php?rest_route=\/wp\/v2\/pages"}],"about":[{"href":"https:\/\/vsoft.az\/index.php?rest_route=\/wp\/v2\/types\/page"}],"author":[{"embeddable":true,"href":"https:\/\/vsoft.az\/index.php?rest_route=\/wp\/v2\/users\/1"}],"replies":[{"embeddable":true,"href":"https:\/\/vsoft.az\/index.php?rest_route=%2Fwp%2Fv2%2Fcomments&post=52"}],"version-history":[{"count":2,"href":"https:\/\/vsoft.az\/index.php?rest_route=\/wp\/v2\/pages\/52\/revisions"}],"predecessor-version":[{"id":326,"href":"https:\/\/vsoft.az\/index.php?rest_route=\/wp\/v2\/pages\/52\/revisions\/326"}],"wp:featuredmedia":[{"embeddable":true,"href":"https:\/\/vsoft.az\/index.php?rest_route=\/wp\/v2\/media\/323"}],"wp:attachment":[{"href":"https:\/\/vsoft.az\/index.php?rest_route=%2Fwp%2Fv2%2Fmedia&parent=52"}],"curies":[{"name":"wp","href":"https:\/\/api.w.org\/{rel}","templated":true}]}}