{"id":526,"date":"2020-12-06T21:20:35","date_gmt":"2020-12-06T17:20:35","guid":{"rendered":"http:\/\/vsoft.az\/?page_id=526"},"modified":"2020-12-06T23:44:24","modified_gmt":"2020-12-06T19:44:24","slug":"20-2","status":"publish","type":"page","link":"https:\/\/vsoft.az\/?page_id=526","title":{"rendered":"BABYCHICK U\u015eAQ AL\u018fM\u0130"},"content":{"rendered":"\n<p>Analar\u0131n se\u00e7imi.. Ma\u011faza konsepti, z\u00f6vql\u00fc paltarlar\u0131 il\u0259 Bak\u0131da 0-2 ya\u015f qrupunda \u0259n \u00e7ox \u00e7e\u015fidi olan u\u015faq geyim ma\u011fazas\u0131d\u0131r.<br>Ma\u011fazada M\u0259rk\u0259zi v\u0259 filiallar \u00fczr\u0259 Anbar idar\u0259etm\u0259 sistemi, Sat\u0131\u015f, CRM, Bonus sistemi qurulmu\u015fdur.<\/p>\n","protected":false},"excerpt":{"rendered":"<p>Analar\u0131n se\u00e7imi.. Ma\u011faza konsepti, z\u00f6vql\u00fc paltarlar\u0131 il\u0259 Bak\u0131da 0-2 ya\u015f qrupunda \u0259n \u00e7ox \u00e7e\u015fidi olan u\u015faq geyim ma\u011fazas\u0131d\u0131r.Ma\u011fazada M\u0259rk\u0259zi v\u0259 filiallar \u00fczr\u0259 Anbar idar\u0259etm\u0259 sistemi,<\/p>\n","protected":false},"author":1,"featured_media":581,"parent":0,"menu_order":20,"comment_status":"closed","ping_status":"closed","template":"page-templates\/template-portfolio.php","meta":[],"_links":{"self":[{"href":"https:\/\/vsoft.az\/index.php?rest_route=\/wp\/v2\/pages\/526"}],"collection":[{"href":"https:\/\/vsoft.az\/index.php?rest_route=\/wp\/v2\/pages"}],"about":[{"href":"https:\/\/vsoft.az\/index.php?rest_route=\/wp\/v2\/types\/page"}],"author":[{"embeddable":true,"href":"https:\/\/vsoft.az\/index.php?rest_route=\/wp\/v2\/users\/1"}],"replies":[{"embeddable":true,"href":"https:\/\/vsoft.az\/index.php?rest_route=%2Fwp%2Fv2%2Fcomments&post=526"}],"version-history":[{"count":2,"href":"https:\/\/vsoft.az\/index.php?rest_route=\/wp\/v2\/pages\/526\/revisions"}],"predecessor-version":[{"id":583,"href":"https:\/\/vsoft.az\/index.php?rest_route=\/wp\/v2\/pages\/526\/revisions\/583"}],"wp:featuredmedia":[{"embeddable":true,"href":"https:\/\/vsoft.az\/index.php?rest_route=\/wp\/v2\/media\/581"}],"wp:attachment":[{"href":"https:\/\/vsoft.az\/index.php?rest_route=%2Fwp%2Fv2%2Fmedia&parent=526"}],"curies":[{"name":"wp","href":"https:\/\/api.w.org\/{rel}","templated":true}]}}