{"id":530,"date":"2020-12-06T21:22:01","date_gmt":"2020-12-06T17:22:01","guid":{"rendered":"http:\/\/vsoft.az\/?page_id=530"},"modified":"2020-12-07T00:17:36","modified_gmt":"2020-12-06T20:17:36","slug":"22-2","status":"publish","type":"page","link":"https:\/\/vsoft.az\/?page_id=530","title":{"rendered":"XIAOMI AZ\u018fRBAYCAN"},"content":{"rendered":"\n<p>Xiaomi Azerbaijan \u00c7inin texnoloji n\u0259h\u0259ngi &#8212; Xiaomi Communication \u015firk\u0259tinin Az\u0259rbaycanda r\u0259smi t\u0259r\u0259fda\u015f\u0131d\u0131r. Ma\u011fazan\u0131n t\u0259qdim etdiyi m\u0259hsullar tam orijinal v\u0259 keyfeyy\u0259tli, z\u0259man\u0259tlidir. Ma\u011fazada M\u0259rk\u0259zi v\u0259 filiallar \u00fczr\u0259 Anbar idar\u0259etm\u0259 Sistemi, Sat\u0131\u015f sistemi tam qurulub t\u0259hvil verilmi\u015fdir. <\/p>\n","protected":false},"excerpt":{"rendered":"<p>Xiaomi Azerbaijan \u00c7inin texnoloji n\u0259h\u0259ngi &#8212; Xiaomi Communication \u015firk\u0259tinin Az\u0259rbaycanda r\u0259smi t\u0259r\u0259fda\u015f\u0131d\u0131r. Ma\u011fazan\u0131n t\u0259qdim etdiyi m\u0259hsullar tam orijinal v\u0259 keyfeyy\u0259tli, z\u0259man\u0259tlidir. Ma\u011fazada M\u0259rk\u0259zi v\u0259 filiallar<\/p>\n","protected":false},"author":1,"featured_media":589,"parent":0,"menu_order":22,"comment_status":"closed","ping_status":"closed","template":"page-templates\/template-portfolio.php","meta":[],"_links":{"self":[{"href":"https:\/\/vsoft.az\/index.php?rest_route=\/wp\/v2\/pages\/530"}],"collection":[{"href":"https:\/\/vsoft.az\/index.php?rest_route=\/wp\/v2\/pages"}],"about":[{"href":"https:\/\/vsoft.az\/index.php?rest_route=\/wp\/v2\/types\/page"}],"author":[{"embeddable":true,"href":"https:\/\/vsoft.az\/index.php?rest_route=\/wp\/v2\/users\/1"}],"replies":[{"embeddable":true,"href":"https:\/\/vsoft.az\/index.php?rest_route=%2Fwp%2Fv2%2Fcomments&post=530"}],"version-history":[{"count":2,"href":"https:\/\/vsoft.az\/index.php?rest_route=\/wp\/v2\/pages\/530\/revisions"}],"predecessor-version":[{"id":590,"href":"https:\/\/vsoft.az\/index.php?rest_route=\/wp\/v2\/pages\/530\/revisions\/590"}],"wp:featuredmedia":[{"embeddable":true,"href":"https:\/\/vsoft.az\/index.php?rest_route=\/wp\/v2\/media\/589"}],"wp:attachment":[{"href":"https:\/\/vsoft.az\/index.php?rest_route=%2Fwp%2Fv2%2Fmedia&parent=530"}],"curies":[{"name":"wp","href":"https:\/\/api.w.org\/{rel}","templated":true}]}}