{"id":699,"date":"2021-07-14T17:16:51","date_gmt":"2021-07-14T13:16:51","guid":{"rendered":"http:\/\/vsoft.az\/?page_id=699"},"modified":"2021-07-15T16:31:40","modified_gmt":"2021-07-15T12:31:40","slug":"azestetik","status":"publish","type":"page","link":"https:\/\/vsoft.az\/?page_id=699","title":{"rendered":"AZESTET\u0130K"},"content":{"rendered":"\n<p>10 ildir f\u0259aliyy\u0259t g\u00f6st\u0259r\u0259n AzEstetik Group  d\u00fcnyan\u0131n \u0259n m\u00fcasir texnologiyalar\u0131n\u0131, \u0259n yeni avadanl\u0131qlar\u0131 t\u0259qdim edir. Estetik, stomotoloji cihazlar\u0131n sat\u0131\u015f\u0131, h\u0259m\u00e7inin di\u015f laboratoriyas\u0131, h\u0259m\u00e7inin, kosmetoloji v\u0259 estetik xidm\u0259tl\u0259ri t\u0259klif edir.<br>M\u00fc\u0259ssis\u0259nin ERP sistemi, Anbar v\u0259 Sat\u0131\u015f, Sah\u0259 Sat\u0131\u015f\u0131, Kreditli Sat\u0131\u015f sisteminin u\u00e7otunu m\u00fcv\u0259ff\u0259qiy\u0259tl\u0259 t\u0259hvil verdik.<\/p>\n","protected":false},"excerpt":{"rendered":"<p>10 ildir f\u0259aliyy\u0259t g\u00f6st\u0259r\u0259n AzEstetik Group d\u00fcnyan\u0131n \u0259n m\u00fcasir texnologiyalar\u0131n\u0131, \u0259n yeni avadanl\u0131qlar\u0131 t\u0259qdim edir. Estetik, stomotoloji cihazlar\u0131n sat\u0131\u015f\u0131, h\u0259m\u00e7inin di\u015f laboratoriyas\u0131, h\u0259m\u00e7inin, kosmetoloji v\u0259<\/p>\n","protected":false},"author":1,"featured_media":713,"parent":0,"menu_order":35,"comment_status":"closed","ping_status":"closed","template":"page-templates\/template-portfolio.php","meta":[],"_links":{"self":[{"href":"https:\/\/vsoft.az\/index.php?rest_route=\/wp\/v2\/pages\/699"}],"collection":[{"href":"https:\/\/vsoft.az\/index.php?rest_route=\/wp\/v2\/pages"}],"about":[{"href":"https:\/\/vsoft.az\/index.php?rest_route=\/wp\/v2\/types\/page"}],"author":[{"embeddable":true,"href":"https:\/\/vsoft.az\/index.php?rest_route=\/wp\/v2\/users\/1"}],"replies":[{"embeddable":true,"href":"https:\/\/vsoft.az\/index.php?rest_route=%2Fwp%2Fv2%2Fcomments&post=699"}],"version-history":[{"count":1,"href":"https:\/\/vsoft.az\/index.php?rest_route=\/wp\/v2\/pages\/699\/revisions"}],"predecessor-version":[{"id":700,"href":"https:\/\/vsoft.az\/index.php?rest_route=\/wp\/v2\/pages\/699\/revisions\/700"}],"wp:featuredmedia":[{"embeddable":true,"href":"https:\/\/vsoft.az\/index.php?rest_route=\/wp\/v2\/media\/713"}],"wp:attachment":[{"href":"https:\/\/vsoft.az\/index.php?rest_route=%2Fwp%2Fv2%2Fmedia&parent=699"}],"curies":[{"name":"wp","href":"https:\/\/api.w.org\/{rel}","templated":true}]}}